{"id":34,"date":"2021-11-28T16:35:22","date_gmt":"2021-11-28T16:35:22","guid":{"rendered":"https:\/\/www.caranfa.de\/?page_id=34"},"modified":"2024-11-21T16:38:58","modified_gmt":"2024-11-21T16:38:58","slug":"startseite","status":"publish","type":"page","link":"https:\/\/www.caranfa.de\/","title":{"rendered":"Startseite"},"content":{"rendered":"<p>Herzlich willkommen auf meiner Internetseite ohne Inhalt. Denn aktuell wei\u00df ich nicht, was ich hier\u00fcber posten oder ver\u00f6ffentlichen soll. Zwar habe ich das Hobby Fliegerei. Nur betreibe ich es nicht so\u00a0exzessiv, dass ich damit eine Seite f\u00fcllen kann und m\u00f6chte.\u00a0<\/p>\n<p>Dann kommt noch das Motorradfahren hinzu. Auch hier bi nicht der Meinung, dass ich mich nicht offenbaren brauche.<\/p>\n<p>Und selbst wenn, kann ich beides in YouTube pr\u00e4sentieren.\u00a0<\/p>\n","protected":false},"excerpt":{"rendered":"<p>Herzlich willkommen auf meiner Internetseite ohne Inhalt. Denn aktuell wei\u00df ich nicht, was ich hier\u00fcber posten oder ver\u00f6ffentlichen soll. Zwar habe ich das Hobby Fliegerei. Nur betreibe ich es nicht so\u00a0exzessiv, dass ich damit eine Seite f\u00fcllen kann und m\u00f6chte.\u00a0 Dann kommt noch das Motorradfahren hinzu. Auch hier bi nicht der Meinung, dass ich mich [&hellip;]<\/p>\n","protected":false},"author":1,"featured_media":0,"parent":0,"menu_order":0,"comment_status":"closed","ping_status":"closed","template":"","meta":{"footnotes":""},"class_list":["post-34","page","type-page","status-publish","hentry","entry"],"_links":{"self":[{"href":"https:\/\/www.caranfa.de\/index.php?rest_route=\/wp\/v2\/pages\/34","targetHints":{"allow":["GET"]}}],"collection":[{"href":"https:\/\/www.caranfa.de\/index.php?rest_route=\/wp\/v2\/pages"}],"about":[{"href":"https:\/\/www.caranfa.de\/index.php?rest_route=\/wp\/v2\/types\/page"}],"author":[{"embeddable":true,"href":"https:\/\/www.caranfa.de\/index.php?rest_route=\/wp\/v2\/users\/1"}],"replies":[{"embeddable":true,"href":"https:\/\/www.caranfa.de\/index.php?rest_route=%2Fwp%2Fv2%2Fcomments&post=34"}],"version-history":[{"count":7,"href":"https:\/\/www.caranfa.de\/index.php?rest_route=\/wp\/v2\/pages\/34\/revisions"}],"predecessor-version":[{"id":44,"href":"https:\/\/www.caranfa.de\/index.php?rest_route=\/wp\/v2\/pages\/34\/revisions\/44"}],"wp:attachment":[{"href":"https:\/\/www.caranfa.de\/index.php?rest_route=%2Fwp%2Fv2%2Fmedia&parent=34"}],"curies":[{"name":"wp","href":"https:\/\/api.w.org\/{rel}","templated":true}]}}